{"id":617,"date":"2015-12-20T08:40:21","date_gmt":"2015-12-20T07:40:21","guid":{"rendered":"http:\/\/www.culture-numerique.fr\/?page_id=617"},"modified":"2019-03-31T01:49:11","modified_gmt":"2019-03-31T00:49:11","slug":"a-propos-de-culture-numerique","status":"publish","type":"page","link":"https:\/\/www.culture-numerique.fr\/?page_id=617","title":{"rendered":"\u00c0 propos de culture num\u00e9rique"},"content":{"rendered":"<p><strong><img loading=\"lazy\" decoding=\"async\" class=\"size-medium wp-image-5237 alignleft\" src=\"http:\/\/www.culture-numerique.fr\/wp-content\/uploads\/2015\/12\/2016-04-27_234606-300x201.png\" alt=\"MG\" width=\"300\" height=\"201\" srcset=\"https:\/\/www.culture-numerique.fr\/wp-content\/uploads\/2015\/12\/2016-04-27_234606-300x201.png 300w, https:\/\/www.culture-numerique.fr\/wp-content\/uploads\/2015\/12\/2016-04-27_234606-100x67.png 100w, https:\/\/www.culture-numerique.fr\/wp-content\/uploads\/2015\/12\/2016-04-27_234606-150x100.png 150w, https:\/\/www.culture-numerique.fr\/wp-content\/uploads\/2015\/12\/2016-04-27_234606-200x134.png 200w, https:\/\/www.culture-numerique.fr\/wp-content\/uploads\/2015\/12\/2016-04-27_234606-450x301.png 450w, https:\/\/www.culture-numerique.fr\/wp-content\/uploads\/2015\/12\/2016-04-27_234606.png 511w\" sizes=\"auto, (max-width: 300px) 100vw, 300px\" \/>Apr\u00e8s \u00ab Un \u00e9tonnant\u00a0microcosme \u00bb<\/strong> puis \u00ab <a href=\"http:\/\/www.neottia.net\/\" target=\"_blank\" rel=\"noopener noreferrer\">Encore un nouvel \u00e9tonnant microcosme<\/a> \u00bb, ce dernier blogue consacre tous les \u00ab \u00c9tonnants microcosmes \u00bb dont les mondes num\u00e9riques sont constitu\u00e9s&#8230;<\/p>\n<p>Ce blogue est donc h\u00e9berg\u00e9 par <a href=\"http:\/\/galacsys.net\" target=\"_blank\" rel=\"noopener noreferrer\">Galacsys<\/a> (maintenant <a href=\"https:\/\/www.octopuce.fr\/\" target=\"_blank\" rel=\"noopener noreferrer\">Octopuce<\/a>) sous <a href=\"http:\/\/www.freebsd.org\/\" target=\"_blank\" rel=\"noopener noreferrer\">FreeBSD<\/a>, le nom de domaine m&rsquo;a \u00e9t\u00e9 fourni par <a href=\"http:\/\/bookmyname.com\" target=\"_blank\" rel=\"noopener noreferrer\">Bookmyname<\/a> et il est propuls\u00e9 par <a href=\"http:\/\/fr.wordpress.org\/\" target=\"_blank\" rel=\"noopener noreferrer\">WordPress<\/a>.<\/p>\n<p>Tous les contenus, sauf mention contraire, sont en licence<br \/>\n<a href=\"http:\/\/creativecommons.org\/licenses\/by-nc-sa\/4.0\/\" target=\"_blank\" rel=\"noopener noreferrer\"><img loading=\"lazy\" decoding=\"async\" class=\"alignnone wp-image-387 size-full\" src=\"http:\/\/www.culture-numerique.fr\/wp-content\/uploads\/2014\/04\/80x15.png\" alt=\"80x15 CC\" width=\"80\" height=\"15\" \/><\/a><\/p>\n<p>Pour y comprendre quelque chose, on peut commencer par <strong><a title=\"Le num\u00e9rique expliqu\u00e9 \u00e0 Suzanne et \u00e0 quelques autres\u2026\" href=\"http:\/\/www.culture-numerique.fr\/?p=1250\">ce billet<\/a><\/strong> o\u00f9 je me risque \u00e0 expliquer \u00e0 Suzanne, ma petite fille, ce qu&rsquo;est pour moi le num\u00e9rique et la culture num\u00e9rique et <strong><a href=\"https:\/\/www.culture-numerique.fr\/?p=7593\" target=\"_blank\" rel=\"noopener noreferrer\">cet autre<\/a><\/strong>, plus r\u00e9cent, qui fait \u00e9tat de mes r\u00e9flexions r\u00e9centes sur ce sujet.<\/p>\n<p><span style=\"color: #0b6bbf;\">Michel Guillou\u00a0<\/span><a style=\"font-style: inherit; color: #282128;\" href=\"https:\/\/twitter.com\/michelguillou\" target=\"_blank\" rel=\"noopener noreferrer\">@michelguillou<\/a><\/p>\n<hr \/>\n<p>Me contacter, en toute loyaut\u00e9 et sans me spammer\u00a0:<\/p>\n\n<div class=\"wpcf7 no-js\" id=\"wpcf7-f7483-o1\" lang=\"fr-FR\" dir=\"ltr\" data-wpcf7-id=\"7483\">\n<div class=\"screen-reader-response\"><p role=\"status\" aria-live=\"polite\" aria-atomic=\"true\"><\/p> <ul><\/ul><\/div>\n<form action=\"\/index.php?rest_route=%2Fwp%2Fv2%2Fpages%2F617#wpcf7-f7483-o1\" method=\"post\" class=\"wpcf7-form init\" aria-label=\"Formulaire de contact\" novalidate=\"novalidate\" data-status=\"init\">\n<fieldset class=\"hidden-fields-container\"><input type=\"hidden\" name=\"_wpcf7\" value=\"7483\" \/><input type=\"hidden\" name=\"_wpcf7_version\" value=\"6.1.5\" \/><input type=\"hidden\" name=\"_wpcf7_locale\" value=\"fr_FR\" \/><input type=\"hidden\" name=\"_wpcf7_unit_tag\" value=\"wpcf7-f7483-o1\" \/><input type=\"hidden\" name=\"_wpcf7_container_post\" value=\"0\" \/><input type=\"hidden\" name=\"_wpcf7_posted_data_hash\" value=\"\" \/>\n<\/fieldset>\n<p><label> Votre nom (obligatoire)<br \/>\n<span class=\"wpcf7-form-control-wrap\" data-name=\"your-name\"><input size=\"40\" maxlength=\"400\" class=\"wpcf7-form-control wpcf7-text wpcf7-validates-as-required\" aria-required=\"true\" aria-invalid=\"false\" value=\"\" type=\"text\" name=\"your-name\" \/><\/span> <\/label>\n<\/p>\n<p><label> Votre adresse de messagerie (obligatoire)<br \/>\n<span class=\"wpcf7-form-control-wrap\" data-name=\"your-email\"><input size=\"40\" maxlength=\"400\" class=\"wpcf7-form-control wpcf7-email wpcf7-validates-as-required wpcf7-text wpcf7-validates-as-email\" aria-required=\"true\" aria-invalid=\"false\" value=\"\" type=\"email\" name=\"your-email\" \/><\/span> <\/label>\n<\/p>\n<p><label> Objet<br \/>\n<span class=\"wpcf7-form-control-wrap\" data-name=\"your-subject\"><input size=\"40\" maxlength=\"400\" class=\"wpcf7-form-control wpcf7-text\" aria-invalid=\"false\" value=\"\" type=\"text\" name=\"your-subject\" \/><\/span> <\/label>\n<\/p>\n<p><label> Votre message<br \/>\n<span class=\"wpcf7-form-control-wrap\" data-name=\"your-message\"><textarea cols=\"40\" rows=\"10\" maxlength=\"2000\" class=\"wpcf7-form-control wpcf7-textarea\" aria-invalid=\"false\" name=\"your-message\"><\/textarea><\/span> <\/label>\n<\/p>\n<p><input class=\"wpcf7-form-control wpcf7-submit has-spinner\" type=\"submit\" value=\"Envoyer\" \/>\n<\/p><p style=\"display: none !important;\" class=\"akismet-fields-container\" data-prefix=\"_wpcf7_ak_\"><label>&#916;<textarea name=\"_wpcf7_ak_hp_textarea\" cols=\"45\" rows=\"8\" maxlength=\"100\"><\/textarea><\/label><input type=\"hidden\" id=\"ak_js_1\" name=\"_wpcf7_ak_js\" value=\"85\"\/><script>document.getElementById( \"ak_js_1\" ).setAttribute( \"value\", ( new Date() ).getTime() );<\/script><\/p><div class=\"wpcf7-response-output\" aria-hidden=\"true\"><\/div>\n<\/form>\n<\/div>\n\n<p>&nbsp;<\/p>\n","protected":false},"excerpt":{"rendered":"<p><strong><img loading=\"lazy\" decoding=\"async\" class=\"size-medium wp-image-5237 alignleft\" src=\"http:\/\/www.culture-numerique.fr\/wp-content\/uploads\/2015\/12\/2016-04-27_234606-300x201.png\" alt=\"MG\" width=\"300\" height=\"201\" srcset=\"https:\/\/www.culture-numerique.fr\/wp-content\/uploads\/2015\/12\/2016-04-27_234606-300x201.png 300w, https:\/\/www.culture-numerique.fr\/wp-content\/uploads\/2015\/12\/2016-04-27_234606-100x67.png 100w, https:\/\/www.culture-numerique.fr\/wp-content\/uploads\/2015\/12\/2016-04-27_234606-150x100.png 150w, https:\/\/www.culture-numerique.fr\/wp-content\/uploads\/2015\/12\/2016-04-27_234606-200x134.png 200w, https:\/\/www.culture-numerique.fr\/wp-content\/uploads\/2015\/12\/2016-04-27_234606-450x301.png 450w, https:\/\/www.culture-numerique.fr\/wp-content\/uploads\/2015\/12\/2016-04-27_234606.png 511w\" sizes=\"auto, (max-width: 300px) 100vw, 300px\" \/>Apr\u00e8s \u00ab Un \u00e9tonnant\u00a0microcosme \u00bb<\/strong> puis \u00ab <a href=\"http:\/\/www.neottia.net\/\" target=\"_blank\" rel=\"noopener noreferrer\">Encore un nouvel \u00e9tonnant microcosme<\/a> \u00bb, ce dernier blogue consacre tous les \u00ab \u00c9tonnants microcosmes \u00bb dont les mondes num\u00e9riques sont constitu\u00e9s&#8230;<\/p>\n<p>Ce blogue est donc h\u00e9berg\u00e9 par <a href=\"http:\/\/galacsys.net\" target=\"_blank\" rel=\"noopener noreferrer\">Galacsys<\/a> (maintenant <a href=\"https:\/\/www.octopuce.fr\/\" target=\"_blank\" rel=\"noopener noreferrer\">Octopuce<\/a>) sous <a href=\"http:\/\/www.freebsd.org\/\" target=\"_blank\" rel=\"noopener noreferrer\">FreeBSD<\/a>,<\/p>\n<p><span class=\"ellipsis\">&hellip;<\/span><\/p>\n<div class=\"read-more\"><a href=\"https:\/\/www.culture-numerique.fr\/?page_id=617\">Lire la suite &#8250;<\/a><\/div>\n<p><!-- end of .read-more --><\/p>\n","protected":false},"author":1,"featured_media":2763,"parent":0,"menu_order":0,"comment_status":"open","ping_status":"closed","template":"full-width-page.php","meta":{"jetpack_post_was_ever_published":false,"footnotes":""},"class_list":["post-617","page","type-page","status-publish","has-post-thumbnail","hentry"],"jetpack_sharing_enabled":true,"_links":{"self":[{"href":"https:\/\/www.culture-numerique.fr\/index.php?rest_route=\/wp\/v2\/pages\/617","targetHints":{"allow":["GET"]}}],"collection":[{"href":"https:\/\/www.culture-numerique.fr\/index.php?rest_route=\/wp\/v2\/pages"}],"about":[{"href":"https:\/\/www.culture-numerique.fr\/index.php?rest_route=\/wp\/v2\/types\/page"}],"author":[{"embeddable":true,"href":"https:\/\/www.culture-numerique.fr\/index.php?rest_route=\/wp\/v2\/users\/1"}],"replies":[{"embeddable":true,"href":"https:\/\/www.culture-numerique.fr\/index.php?rest_route=%2Fwp%2Fv2%2Fcomments&post=617"}],"version-history":[{"count":39,"href":"https:\/\/www.culture-numerique.fr\/index.php?rest_route=\/wp\/v2\/pages\/617\/revisions"}],"predecessor-version":[{"id":7880,"href":"https:\/\/www.culture-numerique.fr\/index.php?rest_route=\/wp\/v2\/pages\/617\/revisions\/7880"}],"wp:featuredmedia":[{"embeddable":true,"href":"https:\/\/www.culture-numerique.fr\/index.php?rest_route=\/wp\/v2\/media\/2763"}],"wp:attachment":[{"href":"https:\/\/www.culture-numerique.fr\/index.php?rest_route=%2Fwp%2Fv2%2Fmedia&parent=617"}],"curies":[{"name":"wp","href":"https:\/\/api.w.org\/{rel}","templated":true}]}}